{"id":1028,"date":"2023-04-13T13:02:40","date_gmt":"2023-04-13T10:02:40","guid":{"rendered":"https:\/\/shop.ateliersaintluc.fr\/products\/sac-dossier-correspondant-a-la-taille-de-licone"},"modified":"2023-04-13T13:02:40","modified_gmt":"2023-04-13T10:02:40","slug":"sac-dossier-correspondant-a-la-taille-de-licone","status":"publish","type":"product","link":"https:\/\/shop.ateliersaintluc.fr\/fr\/products\/sac-dossier-correspondant-a-la-taille-de-licone","title":{"rendered":"Sac\/dossier correspondant \u00e0 la taille de l&rsquo;ic\u00f4ne"},"content":{"rendered":"<p style=\"font-weight: 400;\">Fabriqu\u00e9 en tissu d&rsquo;ameublement durable avec une doublure et un rembourrage pour prot\u00e9ger l&rsquo;ic\u00f4ne si vous voulez l&#8217;emmener en d\u00e9placement. Fermeture \u00e0 glissi\u00e8re.<\/p>\n","protected":false},"excerpt":{"rendered":"<p style=\"font-weight: 400;\">Fabriqu\u00e9 en tissu d&rsquo;ameublement durable avec une doublure et un rembourrage pour prot\u00e9ger l&rsquo;ic\u00f4ne si vous voulez l&#8217;emmener en d\u00e9placement. Fermeture \u00e0 glissi\u00e8re.<\/p>\n","protected":false},"featured_media":326,"template":"","meta":[],"product_brand":[],"product_cat":[88],"product_tag":[],"class_list":{"0":"post-1028","1":"product","2":"type-product","3":"status-publish","4":"has-post-thumbnail","6":"product_cat-accessoires","7":"product_shipping_class-icones","9":"first","10":"instock","11":"taxable","12":"shipping-taxable","13":"purchasable","14":"product-type-variable"},"_links":{"self":[{"href":"https:\/\/shop.ateliersaintluc.fr\/fr\/wp-json\/wp\/v2\/product\/1028","targetHints":{"allow":["GET"]}}],"collection":[{"href":"https:\/\/shop.ateliersaintluc.fr\/fr\/wp-json\/wp\/v2\/product"}],"about":[{"href":"https:\/\/shop.ateliersaintluc.fr\/fr\/wp-json\/wp\/v2\/types\/product"}],"wp:featuredmedia":[{"embeddable":true,"href":"https:\/\/shop.ateliersaintluc.fr\/fr\/wp-json\/wp\/v2\/media\/326"}],"wp:attachment":[{"href":"https:\/\/shop.ateliersaintluc.fr\/fr\/wp-json\/wp\/v2\/media?parent=1028"}],"wp:term":[{"taxonomy":"product_brand","embeddable":true,"href":"https:\/\/shop.ateliersaintluc.fr\/fr\/wp-json\/wp\/v2\/product_brand?post=1028"},{"taxonomy":"product_cat","embeddable":true,"href":"https:\/\/shop.ateliersaintluc.fr\/fr\/wp-json\/wp\/v2\/product_cat?post=1028"},{"taxonomy":"product_tag","embeddable":true,"href":"https:\/\/shop.ateliersaintluc.fr\/fr\/wp-json\/wp\/v2\/product_tag?post=1028"}],"curies":[{"name":"wp","href":"https:\/\/api.w.org\/{rel}","templated":true}]}}