{"id":1123,"date":"2024-09-06T13:14:01","date_gmt":"2024-09-06T10:14:01","guid":{"rendered":"https:\/\/shop.ateliersaintluc.fr\/?post_type=product&#038;p=1123"},"modified":"2024-09-06T13:23:58","modified_gmt":"2024-09-06T10:23:58","slug":"le-bon-berger-kopija","status":"publish","type":"product","link":"https:\/\/shop.ateliersaintluc.fr\/fr\/products\/le-bon-berger-kopija","title":{"rendered":"LE BON BERGER"},"content":{"rendered":"<p><strong>LES IC\u00d4NES DE VOYAGE<\/strong><br \/>\nNous proposons une ic\u00f4ne en tout petit format, facile \u00e0 emporter partout. Les sujets sont simples, selon votre sensibilit\u00e9 : ic\u00f4nes du Christ, du Bon Berger, de Marie (Eleousa et Hodigitria). Vous pouvez commander aussi ic\u00f4ne d\u2019un Saint ou d\u2019un Archange. \u00c9crivez nous pour les commandes plus individualis\u00e9es.<\/p>\n<div class=\"is-divider divider clearfix\" ><\/div>\n<p>Toutes nos ic\u00f4nes sont faites selon les techniques traditionnelle d\u2019\u00e9criture : sur du bois enduit<span class=\"Apple-converted-space\">\u00a0 <\/span>avec des pigments naturelles et dor\u00e9es \u00e0 la feuille.<br \/>\nLes ic\u00f4nes sont uniques, les d\u00e9tails et les couleurs peuvent l\u00e9g\u00e8rement varier par rapport aux mod\u00e8les pr\u00e9sent\u00e9s.<br \/>\nChaque ic\u00f4ne a une histoire qui nous m\u00e8ne dans un monde de spiritualit\u00e9 et de foi.<\/p>\n","protected":false},"excerpt":{"rendered":"<p>Cette ic\u00f4ne nous parle aussi de Parabole de la brebis perdu :<br \/>\n\u00ab\u00a0Quelle homme entre vous, ayant cent brebis, s\u2019il en perd une, ne laisse pas les quatre-vingt-dix-neuf dans le dessert, et ne va \u00e0 la suite de celle qui a \u00e9t\u00e9 perdue, jusqu\u2019\u00e0 ce qu\u2019il la trouve? Et quant. Il la trouve, il le met joyeusement. sur ses \u00e9paules\u2026 Je vous dis que de cette mani\u00e8re il aura plus de joie dans le ciel pour un p\u00eacheur qui se repent, que pour quatre-vingt-dix-neuf justes<br \/>\nQui n\u2019ont pas besoin de se repentir.\u00a0\u00bb (Lc. 15)<\/p>\n","protected":false},"featured_media":1525,"template":"","meta":[],"product_brand":[],"product_cat":[99],"product_tag":[],"class_list":{"0":"post-1123","1":"product","2":"type-product","3":"status-publish","4":"has-post-thumbnail","6":"product_cat-les-icones-de-voyage","7":"product_shipping_class-icones","9":"first","10":"instock","11":"taxable","12":"shipping-taxable","13":"purchasable","14":"product-type-variable","15":"has-default-attributes"},"_links":{"self":[{"href":"https:\/\/shop.ateliersaintluc.fr\/fr\/wp-json\/wp\/v2\/product\/1123","targetHints":{"allow":["GET"]}}],"collection":[{"href":"https:\/\/shop.ateliersaintluc.fr\/fr\/wp-json\/wp\/v2\/product"}],"about":[{"href":"https:\/\/shop.ateliersaintluc.fr\/fr\/wp-json\/wp\/v2\/types\/product"}],"wp:featuredmedia":[{"embeddable":true,"href":"https:\/\/shop.ateliersaintluc.fr\/fr\/wp-json\/wp\/v2\/media\/1525"}],"wp:attachment":[{"href":"https:\/\/shop.ateliersaintluc.fr\/fr\/wp-json\/wp\/v2\/media?parent=1123"}],"wp:term":[{"taxonomy":"product_brand","embeddable":true,"href":"https:\/\/shop.ateliersaintluc.fr\/fr\/wp-json\/wp\/v2\/product_brand?post=1123"},{"taxonomy":"product_cat","embeddable":true,"href":"https:\/\/shop.ateliersaintluc.fr\/fr\/wp-json\/wp\/v2\/product_cat?post=1123"},{"taxonomy":"product_tag","embeddable":true,"href":"https:\/\/shop.ateliersaintluc.fr\/fr\/wp-json\/wp\/v2\/product_tag?post=1123"}],"curies":[{"name":"wp","href":"https:\/\/api.w.org\/{rel}","templated":true}]}}