{"id":1229,"date":"2024-09-07T01:00:58","date_gmt":"2024-09-06T22:00:58","guid":{"rendered":"https:\/\/shop.ateliersaintluc.fr\/?post_type=product&#038;p=1229"},"modified":"2024-09-06T16:14:25","modified_gmt":"2024-09-06T13:14:25","slug":"tempete-apaisee-kopija","status":"publish","type":"product","link":"https:\/\/shop.ateliersaintluc.fr\/fr\/products\/tempete-apaisee-kopija","title":{"rendered":"Les Noces de Cana"},"content":{"rendered":"<p><strong>REPRODUCTIONS DE NOS IC\u00d4NES<\/strong><br \/>\nDans notre atelier vous pouvez commander les images d&rsquo;ic\u00f4nes sur toile ou sur aluminium.<\/p>\n<p><strong>IMAGES SUR TOILE<\/strong><br \/>\nImpression num\u00e9rique de qualit\u00e9 et travail du bois artisanal.Notre image imprim\u00e9e sur toile est tendue \u00e0 la main sur un ch\u00e2ssis en pin, solide et \u00e9galement fait \u00e0 la main. La bordure est color\u00e9e en fonction de l&rsquo;image. Les encres sont r\u00e9sistantes aux UV. Nous proposons des toiles en deux tailles.<\/p>\n<p><strong>IMAGES SUR ALUMINIUM<\/strong><br \/>\nEsth\u00e9tique minimaliste et \u00e9l\u00e9gance sobre.L&rsquo;image est imprim\u00e9e sur un panneau d&rsquo;aluminium l\u00e9ger mais solide, aux bords biseaut\u00e9s. Couleurs riches et profondes, nettet\u00e9 dans les moindres d\u00e9tails. Traitement sp\u00e9cial pour \u00e9viter les dommages caus\u00e9s par les UV. Nous proposons des impressions en deux tailles.Si vous souhaitez commander d&rsquo;autres images que celles de ce catalogue ou d&rsquo;autres formats, \u00e9crivez-nous.<\/p>\n","protected":false},"excerpt":{"rendered":"<p>REPRODUCTIONS DE NOS IC\u00d4NES Dans notre atelier vous pouvez commander les images d&rsquo;ic\u00f4nes sur toile ou sur aluminium. IMAGES SUR TOILE Impression num\u00e9rique de qualit\u00e9 et travail du bois artisanal.Notre image imprim\u00e9e sur toile est tendue \u00e0 la main sur un ch\u00e2ssis en pin, solide et \u00e9galement fait \u00e0 la main. La bordure est color\u00e9e [&#8230;]\n","protected":false},"featured_media":1237,"template":"","meta":[],"product_brand":[],"product_cat":[105],"product_tag":[],"class_list":{"0":"post-1229","1":"product","2":"type-product","3":"status-publish","4":"has-post-thumbnail","6":"product_cat-reproductions-de-nos-icones","7":"product_shipping_class-icones","9":"first","10":"instock","11":"taxable","12":"shipping-taxable","13":"purchasable","14":"product-type-variable"},"_links":{"self":[{"href":"https:\/\/shop.ateliersaintluc.fr\/fr\/wp-json\/wp\/v2\/product\/1229","targetHints":{"allow":["GET"]}}],"collection":[{"href":"https:\/\/shop.ateliersaintluc.fr\/fr\/wp-json\/wp\/v2\/product"}],"about":[{"href":"https:\/\/shop.ateliersaintluc.fr\/fr\/wp-json\/wp\/v2\/types\/product"}],"wp:featuredmedia":[{"embeddable":true,"href":"https:\/\/shop.ateliersaintluc.fr\/fr\/wp-json\/wp\/v2\/media\/1237"}],"wp:attachment":[{"href":"https:\/\/shop.ateliersaintluc.fr\/fr\/wp-json\/wp\/v2\/media?parent=1229"}],"wp:term":[{"taxonomy":"product_brand","embeddable":true,"href":"https:\/\/shop.ateliersaintluc.fr\/fr\/wp-json\/wp\/v2\/product_brand?post=1229"},{"taxonomy":"product_cat","embeddable":true,"href":"https:\/\/shop.ateliersaintluc.fr\/fr\/wp-json\/wp\/v2\/product_cat?post=1229"},{"taxonomy":"product_tag","embeddable":true,"href":"https:\/\/shop.ateliersaintluc.fr\/fr\/wp-json\/wp\/v2\/product_tag?post=1229"}],"curies":[{"name":"wp","href":"https:\/\/api.w.org\/{rel}","templated":true}]}}