{"id":535,"date":"2022-07-23T12:04:23","date_gmt":"2022-07-23T09:04:23","guid":{"rendered":"https:\/\/shop.ateliersaintluc.fr\/products\/le-christ-pantokrator-maitre-du-monde"},"modified":"2024-08-28T11:28:21","modified_gmt":"2024-08-28T08:28:21","slug":"le-christ-pantokrator-maitre-du-monde","status":"publish","type":"product","link":"https:\/\/shop.ateliersaintluc.fr\/fr\/products\/le-christ-pantokrator-maitre-du-monde","title":{"rendered":"CHRIST PANTOCRATOR"},"content":{"rendered":"<p><strong>Ic\u00f4nes CHRIST<\/strong> Ce sont des ic\u00f4nes qui sont l&rsquo;image du Dieu invisible, la repr\u00e9sentation du Christ, Dieu incarn\u00e9, en lignes et en couleurs, nous montrant le Visage mis\u00e9ricordieux du P\u00e8re.<br \/>\nL&rsquo;ic\u00f4ne r\u00e9v\u00e8le le Dieu fait homme.<br \/>\n\u00ab\u00a0Personne n&rsquo;a jamais vu Dieu, mais le Fils unique, qui est dans le sein du P\u00e8re, l&rsquo;a r\u00e9v\u00e9l\u00e9\u00a0\u00bb (Jn 1,18).    <div class=\"is-divider divider clearfix\" ><\/div>  Toutes nos ic\u00f4nes sont peintes selon la tradition de la peinture d&rsquo;ic\u00f4nes.<br \/>\nLa base en bois est appr\u00eat\u00e9e selon les anciennes m\u00e9thodes.<br \/>\nNous n&rsquo;utilisons que des pigments naturels et des feuilles d&rsquo;or pour la dorure.<br \/>\nChaque ic\u00f4ne a sa propre histoire qui ouvre la porte \u00e0 un autre monde spirituel.<br \/>\nChaque ic\u00f4ne \u00e9tant unique, les d\u00e9tails et les couleurs peuvent varier l\u00e9g\u00e8rement.      <strong>La peinture se d\u00e9roule en plusieurs \u00e9tapes.<\/strong>  La base de l&rsquo;ic\u00f4ne est pr\u00e9par\u00e9e \u00e0 l&rsquo;ancienne, en bois, et souvent en creux.<br \/>\nLes bords forment un cadre, marquant une autre dimension de la pr\u00e9sence divine.<br \/>\nLes plus grands formats d&rsquo;ic\u00f4nes comportent une ou deux traverses pour prot\u00e9ger l&rsquo;ic\u00f4ne de la d\u00e9formation et de la fissuration.<br \/>\nLe support en bois est d&rsquo;abord recouvert de deux couches de colle, puis d&rsquo;une couche de toile de lin, repr\u00e9sentant le cadavre du Christ, et de 12 fines couches de leucas.<br \/>\nCe n&rsquo;est qu&rsquo;ensuite que le dessin est appliqu\u00e9, suivi de la superposition de feuilles d&rsquo;or aux endroits pr\u00e9vus, repr\u00e9sentant la lumi\u00e8re divine.<br \/>\nLors de l&rsquo;application des couleurs, la peinture utilise la technique de la d\u00e9trempe, avec des pigments naturels et une \u00e9mulsion de jaune d&rsquo;\u0153uf, les mat\u00e9riaux naturels formant l&rsquo;image divine &#8211; tout est r\u00e9el.<br \/>\nLes couches de peinture deviennent de plus en plus r\u00e9sistantes avec le temps et les couleurs ne perdent pas leur \u00e9clat au fil des ann\u00e9es.<br \/>\nLorsque l&rsquo;ic\u00f4ne est termin\u00e9e, elle est sign\u00e9e, c&rsquo;est-\u00e0-dire nomm\u00e9e.       <\/p>\n","protected":false},"excerpt":{"rendered":"<p>CHRIST LE PANTOCRATEUR &#8211; (grec : Christ, le ma\u00eetre du monde).<br \/>\nIc\u00f4ne repr\u00e9sentant le Christ comme un souverain puissant et mis\u00e9ricordieux.<br \/>\nLe Christ tient l&rsquo;\u00c9vangile de la main gauche et b\u00e9nit de la main droite.  <\/p>\n","protected":false},"featured_media":386,"template":"","meta":[],"product_brand":[],"product_cat":[70],"product_tag":[],"class_list":{"0":"post-535","1":"product","2":"type-product","3":"status-publish","4":"has-post-thumbnail","6":"product_cat-les-icones-du-christ","7":"product_shipping_class-icones","9":"first","10":"instock","11":"taxable","12":"shipping-taxable","13":"purchasable","14":"product-type-variable"},"_links":{"self":[{"href":"https:\/\/shop.ateliersaintluc.fr\/fr\/wp-json\/wp\/v2\/product\/535","targetHints":{"allow":["GET"]}}],"collection":[{"href":"https:\/\/shop.ateliersaintluc.fr\/fr\/wp-json\/wp\/v2\/product"}],"about":[{"href":"https:\/\/shop.ateliersaintluc.fr\/fr\/wp-json\/wp\/v2\/types\/product"}],"wp:featuredmedia":[{"embeddable":true,"href":"https:\/\/shop.ateliersaintluc.fr\/fr\/wp-json\/wp\/v2\/media\/386"}],"wp:attachment":[{"href":"https:\/\/shop.ateliersaintluc.fr\/fr\/wp-json\/wp\/v2\/media?parent=535"}],"wp:term":[{"taxonomy":"product_brand","embeddable":true,"href":"https:\/\/shop.ateliersaintluc.fr\/fr\/wp-json\/wp\/v2\/product_brand?post=535"},{"taxonomy":"product_cat","embeddable":true,"href":"https:\/\/shop.ateliersaintluc.fr\/fr\/wp-json\/wp\/v2\/product_cat?post=535"},{"taxonomy":"product_tag","embeddable":true,"href":"https:\/\/shop.ateliersaintluc.fr\/fr\/wp-json\/wp\/v2\/product_tag?post=535"}],"curies":[{"name":"wp","href":"https:\/\/api.w.org\/{rel}","templated":true}]}}