{"id":547,"date":"2022-07-23T11:55:02","date_gmt":"2022-07-23T08:55:02","guid":{"rendered":"https:\/\/shop.ateliersaintluc.fr\/products\/la-sainte-face"},"modified":"2022-07-23T11:55:02","modified_gmt":"2022-07-23T08:55:02","slug":"la-sainte-face","status":"publish","type":"product","link":"https:\/\/shop.ateliersaintluc.fr\/fr\/products\/la-sainte-face","title":{"rendered":"LA SAINTE FACE"},"content":{"rendered":"<p><strong>LES IC\u00d4NES DU CHRIST<\/strong><\/p>\n<p>Cette ic\u00f4ne repr\u00e9sente a travers l\u2019image du Christ, Dieu incarn\u00e9, le Visage mis\u00e9ricordieux du P\u00e8re.<\/p>\n<p>\u00ab\u00a0Nul n\u2019a jamais vu Dieu; le fils unique qui est dans le sein du P\u00e8re, lui, l\u2019a fait conna\u00eetre\u00a0\u00bb (Jean 1,18)<\/p>\n<div class=\"is-divider divider clearfix\" ><\/div>\n<p>Toutes nos ic\u00f4nes sont faites selon les techniques traditionnelle d\u2019\u00e9criture : sur du bois enduit<span class=\"Apple-converted-space\">\u00a0 <\/span>avec des pigments naturelles et dor\u00e9es \u00e0 la feuille.<br \/>\nLes ic\u00f4nes sont uniques, les d\u00e9tails et les couleurs peuvent l\u00e9g\u00e8rement varier par rapport aux mod\u00e8les pr\u00e9sent\u00e9s.<br \/>\nChaque ic\u00f4ne a une histoire qui nous m\u00e8ne dans un monde de spiritualit\u00e9 et de foi.<\/p>\n","protected":false},"excerpt":{"rendered":"<p>Deux l\u00e9gendes peuvent expliquer les origines de cette ic\u00f4ne.<br \/>\nDans la l\u00e9gende du Mandylion d\u2019\u00c9desse, J\u00e9sus ne pouvant se d\u00e9placer jusqu\u2019\u00e0 Agbar V roi d\u2019\u00c9desse (situ\u00e9 dans l\u2019actuelle Syrie), lui fit parvenir l\u2019empreinte de son visage sur un linge. Le souverain fut ainsi gu\u00e9ri de la l\u00e8pre.<br \/>\nUne autre l\u00e9gende sur l\u2019origine de la Sainte Face est le voile de V\u00e9ronique\u00a0: sur le chemin de croix, Sainte V\u00e9ronique essuya le visage de J\u00e9sus, et sur le linge resta imprim\u00e9e la Sainte Face du Christ.<br \/>\nOn dit que ce sont des repr\u00e9sentations du visage du Christ \u00ab\u00a0non faites de main d&rsquo;homme\u00a0\u00bb.<\/p>\n","protected":false},"featured_media":382,"template":"","meta":[],"product_brand":[],"product_cat":[70],"product_tag":[],"class_list":{"0":"post-547","1":"product","2":"type-product","3":"status-publish","4":"has-post-thumbnail","6":"product_cat-les-icones-du-christ","7":"product_shipping_class-icones","9":"first","10":"instock","11":"taxable","12":"shipping-taxable","13":"purchasable","14":"product-type-variable"},"_links":{"self":[{"href":"https:\/\/shop.ateliersaintluc.fr\/fr\/wp-json\/wp\/v2\/product\/547","targetHints":{"allow":["GET"]}}],"collection":[{"href":"https:\/\/shop.ateliersaintluc.fr\/fr\/wp-json\/wp\/v2\/product"}],"about":[{"href":"https:\/\/shop.ateliersaintluc.fr\/fr\/wp-json\/wp\/v2\/types\/product"}],"wp:featuredmedia":[{"embeddable":true,"href":"https:\/\/shop.ateliersaintluc.fr\/fr\/wp-json\/wp\/v2\/media\/382"}],"wp:attachment":[{"href":"https:\/\/shop.ateliersaintluc.fr\/fr\/wp-json\/wp\/v2\/media?parent=547"}],"wp:term":[{"taxonomy":"product_brand","embeddable":true,"href":"https:\/\/shop.ateliersaintluc.fr\/fr\/wp-json\/wp\/v2\/product_brand?post=547"},{"taxonomy":"product_cat","embeddable":true,"href":"https:\/\/shop.ateliersaintluc.fr\/fr\/wp-json\/wp\/v2\/product_cat?post=547"},{"taxonomy":"product_tag","embeddable":true,"href":"https:\/\/shop.ateliersaintluc.fr\/fr\/wp-json\/wp\/v2\/product_tag?post=547"}],"curies":[{"name":"wp","href":"https:\/\/api.w.org\/{rel}","templated":true}]}}