{"id":613,"date":"2022-07-22T17:21:08","date_gmt":"2022-07-22T14:21:08","guid":{"rendered":"https:\/\/shop.ateliersaintluc.fr\/products\/la-vierge-de-tendresse-eleousa-2"},"modified":"2022-07-22T17:21:08","modified_gmt":"2022-07-22T14:21:08","slug":"la-vierge-de-tendresse-eleousa-2","status":"publish","type":"product","link":"https:\/\/shop.ateliersaintluc.fr\/fr\/products\/la-vierge-de-tendresse-eleousa-2","title":{"rendered":"LA VIERGE DE TENDRESSE (ELEOUSA)"},"content":{"rendered":"<p><strong>LES IC\u00d4NES DE LA VIERGE MARIE<\/strong><\/p>\n<p>Selon la tradition c\u2019est Saint Luc qui fut le premier iconographe de la Vierge \u00e0 l\u2019Enfant.<br \/>\nLa place de la Vierge Marie est au centre de l\u2019histoire du salut.<\/p>\n<p>\u00ab\u00a0Salut, \u00f4 Reine, M\u00e8re de mis\u00e9ricorde\u00a0; notre vie, notre douceur, notre esp\u00e9rance, salut\u00a0!<br \/>\nEnfants d\u2019Eve exil\u00e9s, nous crions vers vous.<br \/>\nVers vous, nous soupirons, g\u00e9missant et pleurant dans cette vall\u00e9e de larmes.<br \/>\n\u00d4 vous, notre avocate, tournez vers nous vos regards mis\u00e9ricordieux.<br \/>\nEt apr\u00e8s cet exil, montrez-nous J\u00e9sus, le fruit b\u00e9ni de vos entrailles,<br \/>\n\u00f4 cl\u00e9mente, \u00f4 mis\u00e9ricordieuse, \u00f4 douce Vierge Marie.\u00a0\u00bb<\/p>\n<p>(Antienne mariale Salve Regina)<\/p>\n<div class=\"is-divider divider clearfix\" ><\/div>\n<p>Toutes nos ic\u00f4nes sont faites selon les techniques traditionnelle d\u2019\u00e9criture : sur du bois enduit<span class=\"Apple-converted-space\">\u00a0 <\/span>avec des pigments naturelles et dor\u00e9es \u00e0 la feuille.<br \/>\nLes ic\u00f4nes sont uniques, les d\u00e9tails et les couleurs peuvent l\u00e9g\u00e8rement varier par rapport aux mod\u00e8les pr\u00e9sent\u00e9s.<br \/>\nChaque ic\u00f4ne a une histoire qui nous m\u00e8ne dans un monde de spiritualit\u00e9 et de foi.<\/p>\n","protected":false},"excerpt":{"rendered":"<p>Les visages de Marie et de l\u2019Enfant se touchent, montrant une tendresse particuli\u00e8re de J\u00e9sus envers Marie. On peut y voir l\u2019expression de l\u2019amour bouleversant de Dieu pour l\u2019humanit\u00e9 toute enti\u00e8re.<\/p>\n","protected":false},"featured_media":370,"template":"","meta":[],"product_brand":[],"product_cat":[73],"product_tag":[],"class_list":{"0":"post-613","1":"product","2":"type-product","3":"status-publish","4":"has-post-thumbnail","6":"product_cat-les-icones-de-la-vierge-marie","7":"product_shipping_class-icones","9":"first","10":"instock","11":"taxable","12":"shipping-taxable","13":"purchasable","14":"product-type-variable"},"_links":{"self":[{"href":"https:\/\/shop.ateliersaintluc.fr\/fr\/wp-json\/wp\/v2\/product\/613","targetHints":{"allow":["GET"]}}],"collection":[{"href":"https:\/\/shop.ateliersaintluc.fr\/fr\/wp-json\/wp\/v2\/product"}],"about":[{"href":"https:\/\/shop.ateliersaintluc.fr\/fr\/wp-json\/wp\/v2\/types\/product"}],"wp:featuredmedia":[{"embeddable":true,"href":"https:\/\/shop.ateliersaintluc.fr\/fr\/wp-json\/wp\/v2\/media\/370"}],"wp:attachment":[{"href":"https:\/\/shop.ateliersaintluc.fr\/fr\/wp-json\/wp\/v2\/media?parent=613"}],"wp:term":[{"taxonomy":"product_brand","embeddable":true,"href":"https:\/\/shop.ateliersaintluc.fr\/fr\/wp-json\/wp\/v2\/product_brand?post=613"},{"taxonomy":"product_cat","embeddable":true,"href":"https:\/\/shop.ateliersaintluc.fr\/fr\/wp-json\/wp\/v2\/product_cat?post=613"},{"taxonomy":"product_tag","embeddable":true,"href":"https:\/\/shop.ateliersaintluc.fr\/fr\/wp-json\/wp\/v2\/product_tag?post=613"}],"curies":[{"name":"wp","href":"https:\/\/api.w.org\/{rel}","templated":true}]}}