{"id":715,"date":"2022-07-23T11:49:19","date_gmt":"2022-07-23T08:49:19","guid":{"rendered":"https:\/\/shop.ateliersaintluc.fr\/products\/le-bon-berger-2"},"modified":"2022-07-23T11:49:19","modified_gmt":"2022-07-23T08:49:19","slug":"le-bon-berger-2","status":"publish","type":"product","link":"https:\/\/shop.ateliersaintluc.fr\/fr\/products\/le-bon-berger-2","title":{"rendered":"LE BON BERGER"},"content":{"rendered":"<p><strong>IC\u00d4NES DU BON BERGER<\/strong><\/p>\n<p>Dans les premiers si\u00e8cles les chr\u00e9tiens ont repr\u00e9sent\u00e9s J\u00e9sus comme le Bon Berger (les fresques dans les catacombes). L\u2019ic\u00f4ne repr\u00e9sente J\u00e9sus qui porte une brebis sur ses \u00e9paules.<\/p>\n<p>\u00ab\u00a0Je suis le Bon Berger. Je connais mes brebis, et mes brebis me connaissent.\u00a0Comme mon P\u00e8re me connait et que je connais mon P\u00e8re; et je me dessaisis de ma vie pour les brebis\u00bb (Jn.10,14-15)<\/p>\n<div class=\"is-divider divider clearfix\" ><\/div>\n<p>Toutes nos ic\u00f4nes sont faites selon les techniques traditionnelle d\u2019\u00e9criture : sur du bois enduit<span class=\"Apple-converted-space\">\u00a0 <\/span>avec des pigments naturelles et dor\u00e9es \u00e0 la feuille.<br \/>\nLes ic\u00f4nes sont uniques, les d\u00e9tails et les couleurs peuvent l\u00e9g\u00e8rement varier par rapport aux mod\u00e8les pr\u00e9sent\u00e9s.<br \/>\nChaque ic\u00f4ne a une histoire qui nous m\u00e8ne dans un monde de spiritualit\u00e9 et de foi.<\/p>\n","protected":false},"excerpt":{"rendered":"<p>Cette ic\u00f4ne nous parle aussi de Parabole de la brebis perdu :<br \/>\n\u00ab\u00a0Quelle homme entre vous, ayant cent brebis, s\u2019il en perd une, ne laisse pas les quatre-vingt-dix-neuf dans le dessert, et ne va \u00e0 la suite de celle qui a \u00e9t\u00e9 perdue, jusqu\u2019\u00e0 ce qu\u2019il la trouve? Et quant. Il la trouve, il le met joyeusement. sur ses \u00e9paules\u2026 Je vous dis que de cette mani\u00e8re il aura plus de joie dans le ciel pour un p\u00eacheur qui se repent, que pour quatre-vingt-dix-neuf justes<br \/>\nQui n\u2019ont pas besoin de se repentir.\u00a0\u00bb (Lc. 15)<\/p>\n","protected":false},"featured_media":378,"template":"","meta":[],"product_brand":[],"product_cat":[76],"product_tag":[],"class_list":{"0":"post-715","1":"product","2":"type-product","3":"status-publish","4":"has-post-thumbnail","6":"product_cat-icones-du-bon-berger","7":"product_shipping_class-icones","9":"first","10":"instock","11":"taxable","12":"shipping-taxable","13":"purchasable","14":"product-type-variable"},"_links":{"self":[{"href":"https:\/\/shop.ateliersaintluc.fr\/fr\/wp-json\/wp\/v2\/product\/715","targetHints":{"allow":["GET"]}}],"collection":[{"href":"https:\/\/shop.ateliersaintluc.fr\/fr\/wp-json\/wp\/v2\/product"}],"about":[{"href":"https:\/\/shop.ateliersaintluc.fr\/fr\/wp-json\/wp\/v2\/types\/product"}],"wp:featuredmedia":[{"embeddable":true,"href":"https:\/\/shop.ateliersaintluc.fr\/fr\/wp-json\/wp\/v2\/media\/378"}],"wp:attachment":[{"href":"https:\/\/shop.ateliersaintluc.fr\/fr\/wp-json\/wp\/v2\/media?parent=715"}],"wp:term":[{"taxonomy":"product_brand","embeddable":true,"href":"https:\/\/shop.ateliersaintluc.fr\/fr\/wp-json\/wp\/v2\/product_brand?post=715"},{"taxonomy":"product_cat","embeddable":true,"href":"https:\/\/shop.ateliersaintluc.fr\/fr\/wp-json\/wp\/v2\/product_cat?post=715"},{"taxonomy":"product_tag","embeddable":true,"href":"https:\/\/shop.ateliersaintluc.fr\/fr\/wp-json\/wp\/v2\/product_tag?post=715"}],"curies":[{"name":"wp","href":"https:\/\/api.w.org\/{rel}","templated":true}]}}