{"id":799,"date":"2023-04-13T10:24:34","date_gmt":"2023-04-13T07:24:34","guid":{"rendered":"https:\/\/shop.ateliersaintluc.fr\/products\/icone-de-sainte-famille-2"},"modified":"2023-04-13T10:24:34","modified_gmt":"2023-04-13T07:24:34","slug":"icone-de-sainte-famille-2","status":"publish","type":"product","link":"https:\/\/shop.ateliersaintluc.fr\/fr\/products\/icone-de-sainte-famille-2","title":{"rendered":"IC\u00d4NE DE SAINTE FAMILLE"},"content":{"rendered":"<p><strong>IC\u00d4NES DE LA SAINTE FAMILLE<\/strong><\/p>\n<div class=\"is-divider divider clearfix\" ><\/div>\n<p>Toutes nos ic\u00f4nes sont faites selon les techniques traditionnelle d\u2019\u00e9criture : sur du bois enduit<span class=\"Apple-converted-space\">\u00a0 <\/span>avec des pigments naturelles et dor\u00e9es \u00e0 la feuille.<br \/>\nLes ic\u00f4nes sont uniques, les d\u00e9tails et les couleurs peuvent l\u00e9g\u00e8rement varier par rapport aux mod\u00e8les pr\u00e9sent\u00e9s.<br \/>\nChaque ic\u00f4ne a une histoire qui nous m\u00e8ne dans un monde de spiritualit\u00e9 et de foi.<\/p>\n","protected":false},"excerpt":{"rendered":"<p>\u00ab Puis quand vint le jour o\u00f9 , suivant la loi de Mo\u00efse, ils devaient \u00eatre purifi\u00e9s, ils l\u2019amen\u00e8rent a J\u00e9rusalem pour le pr\u00e9senter au Seigneur &#8211; ainsi qu\u2019il est \u00e9crit dans la loi du Seigneur : Tout gar\u00e7on premier-n\u00e9 sera consacr\u00e9 au Seigneur &#8211; et pour offrir en sacrifice, suivant ce qui est dit dans la loi du Seigneur, un couple de tourterelles ou deux petits pigeons \u00bb (Lc. 2, 22-24)<\/p>\n","protected":false},"featured_media":394,"template":"","meta":[],"product_brand":[],"product_cat":[79],"product_tag":[],"class_list":{"0":"post-799","1":"product","2":"type-product","3":"status-publish","4":"has-post-thumbnail","6":"product_cat-icones-de-la-sainte-famille","7":"product_shipping_class-icones","9":"first","10":"instock","11":"taxable","12":"shipping-taxable","13":"purchasable","14":"product-type-variable"},"_links":{"self":[{"href":"https:\/\/shop.ateliersaintluc.fr\/fr\/wp-json\/wp\/v2\/product\/799","targetHints":{"allow":["GET"]}}],"collection":[{"href":"https:\/\/shop.ateliersaintluc.fr\/fr\/wp-json\/wp\/v2\/product"}],"about":[{"href":"https:\/\/shop.ateliersaintluc.fr\/fr\/wp-json\/wp\/v2\/types\/product"}],"wp:featuredmedia":[{"embeddable":true,"href":"https:\/\/shop.ateliersaintluc.fr\/fr\/wp-json\/wp\/v2\/media\/394"}],"wp:attachment":[{"href":"https:\/\/shop.ateliersaintluc.fr\/fr\/wp-json\/wp\/v2\/media?parent=799"}],"wp:term":[{"taxonomy":"product_brand","embeddable":true,"href":"https:\/\/shop.ateliersaintluc.fr\/fr\/wp-json\/wp\/v2\/product_brand?post=799"},{"taxonomy":"product_cat","embeddable":true,"href":"https:\/\/shop.ateliersaintluc.fr\/fr\/wp-json\/wp\/v2\/product_cat?post=799"},{"taxonomy":"product_tag","embeddable":true,"href":"https:\/\/shop.ateliersaintluc.fr\/fr\/wp-json\/wp\/v2\/product_tag?post=799"}],"curies":[{"name":"wp","href":"https:\/\/api.w.org\/{rel}","templated":true}]}}