{"id":841,"date":"2023-04-13T12:14:55","date_gmt":"2023-04-13T09:14:55","guid":{"rendered":"https:\/\/shop.ateliersaintluc.fr\/products\/lapparition-au-bord-de-lac-thiberine"},"modified":"2023-04-13T12:14:55","modified_gmt":"2023-04-13T09:14:55","slug":"lapparition-au-bord-de-lac-thiberine","status":"publish","type":"product","link":"https:\/\/shop.ateliersaintluc.fr\/fr\/products\/lapparition-au-bord-de-lac-thiberine","title":{"rendered":"L\u2019APPARITION AU BORD DE LAC THIBERINE"},"content":{"rendered":"<p><strong>IC\u00d4NES DE RESURRECTION<\/strong><\/p>\n<div class=\"is-divider divider clearfix\" ><\/div>\n<p>Toutes nos ic\u00f4nes sont faites selon les techniques traditionnelle d\u2019\u00e9criture : sur du bois enduit<span class=\"Apple-converted-space\">\u00a0 <\/span>avec des pigments naturelles et dor\u00e9es \u00e0 la feuille.<\/p>\n<p>Les ic\u00f4nes sont uniques, les d\u00e9tails et les couleurs peuvent l\u00e9g\u00e8rement varier par rapport aux mod\u00e8les pr\u00e9sent\u00e9s.<\/p>\n<p>Chaque ic\u00f4ne a une histoire qui nous m\u00e8ne dans un monde de spiritualit\u00e9 et de foi.<\/p>\n","protected":false},"excerpt":{"rendered":"<p>J\u00e9sus s\u2019est manifest\u00e9 \u00e0 ses disciples par une p\u00eache miraculeuse\u2026<br \/>\nSaint Jean dit en premier \u00e0 Pierre \u00ab\u00a0c\u2019est le Seigneur !\u00a0\u00bb<br \/>\nPierre se jetta \u00e0 l\u2019eau pour rejoindre au plus vite J\u00e9sus, qui les invita pr\u00e9parer le petit d\u00e9jeuner ensemble\u2026 Puis apr\u00e8s d\u00e9jeuner, J\u00e9sus demande \u00e0 Pierre ces trois questions qui vont droit au coeur :<br \/>\n\u00ab\u00a0&#8211; Simon, fils de Jean, m\u2019aimes-tu plus que ceux-ci\u00a0?<br \/>\n&#8211; Oui, Seigneur, tu sais bien que je t\u2019aime\u00a0!<br \/>\n&#8211; Pais mes agneaux&#8230; Simon, fils de Jean, m\u2019aimes-tu\u00a0?<br \/>\n&#8211; Oui, Seigneur, tu sais bien que je t\u2019aime\u00a0!<br \/>\n&#8211; Pais mes brebis. Mais enfin, Simon, fils de Jean, m\u2019aimes-tu plus que ceux-ci\u00a0?<br \/>\n&#8211; Seigneur, tu sais toutes choses, tu sais bien que je t\u2019aime tendrement.\u00a0\u00bb (Jn. 21, 1-14)<\/p>\n","protected":false},"featured_media":400,"template":"","meta":[],"product_brand":[],"product_cat":[82],"product_tag":[],"class_list":{"0":"post-841","1":"product","2":"type-product","3":"status-publish","4":"has-post-thumbnail","6":"product_cat-icones-de-resurrection","7":"product_shipping_class-icones","9":"first","10":"instock","11":"taxable","12":"shipping-taxable","13":"purchasable","14":"product-type-variable"},"_links":{"self":[{"href":"https:\/\/shop.ateliersaintluc.fr\/fr\/wp-json\/wp\/v2\/product\/841","targetHints":{"allow":["GET"]}}],"collection":[{"href":"https:\/\/shop.ateliersaintluc.fr\/fr\/wp-json\/wp\/v2\/product"}],"about":[{"href":"https:\/\/shop.ateliersaintluc.fr\/fr\/wp-json\/wp\/v2\/types\/product"}],"wp:featuredmedia":[{"embeddable":true,"href":"https:\/\/shop.ateliersaintluc.fr\/fr\/wp-json\/wp\/v2\/media\/400"}],"wp:attachment":[{"href":"https:\/\/shop.ateliersaintluc.fr\/fr\/wp-json\/wp\/v2\/media?parent=841"}],"wp:term":[{"taxonomy":"product_brand","embeddable":true,"href":"https:\/\/shop.ateliersaintluc.fr\/fr\/wp-json\/wp\/v2\/product_brand?post=841"},{"taxonomy":"product_cat","embeddable":true,"href":"https:\/\/shop.ateliersaintluc.fr\/fr\/wp-json\/wp\/v2\/product_cat?post=841"},{"taxonomy":"product_tag","embeddable":true,"href":"https:\/\/shop.ateliersaintluc.fr\/fr\/wp-json\/wp\/v2\/product_tag?post=841"}],"curies":[{"name":"wp","href":"https:\/\/api.w.org\/{rel}","templated":true}]}}