{"id":925,"date":"2023-04-13T12:48:00","date_gmt":"2023-04-13T09:48:00","guid":{"rendered":"https:\/\/shop.ateliersaintluc.fr\/products\/saint-joseph"},"modified":"2023-04-13T12:48:00","modified_gmt":"2023-04-13T09:48:00","slug":"saint-joseph","status":"publish","type":"product","link":"https:\/\/shop.ateliersaintluc.fr\/fr\/products\/saint-joseph","title":{"rendered":"SAINT-JOSEPH"},"content":{"rendered":"<p><strong>IC\u00d4NES DES SAINTS<\/strong><\/p>\n<p>\u00ab\u00a0Et nous tous qui, \u00a0le visage d\u00e9voil\u00e9, refl\u00e9tons la gloire du Seigneur, nous sommes transfigur\u00e9s en cette m\u00eame image, avec une gloire toujours plus grande, par le Seigneur, qui est Esprit.\u00bb <span class=\"Apple-converted-space\">\u00a0 \u00a0 \u00a0 \u00a0 \u00a0 \u00a0 <\/span>(2 Cor. 3,18)<\/p>\n<p>La gloire de Dieu, c\u2019est l\u2019homme vivant;<\/p>\n<p>La vie de l\u2019homme c\u2019est de contempler Dieu. (St. Ir\u00e9n\u00e9e de Lyon)<\/p>\n<p>Vous pouvez commander l\u2019ic\u00f4ne d\u2019un saint en particulier.<br \/>\nSi vous ne trouvez pas les saints que vous cherchez, n\u2019h\u00e9sitez pas \u00e0 nous contacter et nous \u00e9crierons l\u2019ic\u00f4ne de votre saint.<\/p>\n<div class=\"is-divider divider clearfix\" ><\/div>\n<p>Toutes nos ic\u00f4nes sont faites selon les techniques traditionnelle d\u2019\u00e9criture : sur du bois enduit<span class=\"Apple-converted-space\">\u00a0 <\/span>avec des pigments naturelles et dor\u00e9es \u00e0 la feuille.<\/p>\n<p>Les ic\u00f4nes sont uniques, les d\u00e9tails et les couleurs peuvent l\u00e9g\u00e8rement varier par rapport aux mod\u00e8les pr\u00e9sent\u00e9s.<\/p>\n<p>Chaque ic\u00f4ne a une histoire qui nous m\u00e8ne dans un monde de spiritualit\u00e9 et de foi.<\/p>\n","protected":false},"excerpt":{"rendered":"<p>IC\u00d4NES DES SAINTS \u00ab\u00a0Et nous tous qui, \u00a0le visage d\u00e9voil\u00e9, refl\u00e9tons la gloire du Seigneur, nous sommes transfigur\u00e9s en cette m\u00eame image, avec une gloire toujours plus grande, par le Seigneur, qui est Esprit.\u00bb \u00a0 \u00a0 \u00a0 \u00a0 \u00a0 \u00a0 (2 Cor. 3,18) La gloire de Dieu, c\u2019est l\u2019homme vivant; La vie de l\u2019homme c\u2019est [&#8230;]\n","protected":false},"featured_media":420,"template":"","meta":[],"product_brand":[],"product_cat":[85],"product_tag":[],"class_list":{"0":"post-925","1":"product","2":"type-product","3":"status-publish","4":"has-post-thumbnail","6":"product_cat-icones-des-saints","7":"product_shipping_class-icones","9":"first","10":"instock","11":"taxable","12":"shipping-taxable","13":"purchasable","14":"product-type-variable"},"_links":{"self":[{"href":"https:\/\/shop.ateliersaintluc.fr\/fr\/wp-json\/wp\/v2\/product\/925","targetHints":{"allow":["GET"]}}],"collection":[{"href":"https:\/\/shop.ateliersaintluc.fr\/fr\/wp-json\/wp\/v2\/product"}],"about":[{"href":"https:\/\/shop.ateliersaintluc.fr\/fr\/wp-json\/wp\/v2\/types\/product"}],"wp:featuredmedia":[{"embeddable":true,"href":"https:\/\/shop.ateliersaintluc.fr\/fr\/wp-json\/wp\/v2\/media\/420"}],"wp:attachment":[{"href":"https:\/\/shop.ateliersaintluc.fr\/fr\/wp-json\/wp\/v2\/media?parent=925"}],"wp:term":[{"taxonomy":"product_brand","embeddable":true,"href":"https:\/\/shop.ateliersaintluc.fr\/fr\/wp-json\/wp\/v2\/product_brand?post=925"},{"taxonomy":"product_cat","embeddable":true,"href":"https:\/\/shop.ateliersaintluc.fr\/fr\/wp-json\/wp\/v2\/product_cat?post=925"},{"taxonomy":"product_tag","embeddable":true,"href":"https:\/\/shop.ateliersaintluc.fr\/fr\/wp-json\/wp\/v2\/product_tag?post=925"}],"curies":[{"name":"wp","href":"https:\/\/api.w.org\/{rel}","templated":true}]}}