{"id":1129,"date":"2024-09-06T13:14:01","date_gmt":"2024-09-06T10:14:01","guid":{"rendered":"https:\/\/shop.ateliersaintluc.fr\/?post_type=product&#038;p=1129"},"modified":"2024-09-06T13:25:04","modified_gmt":"2024-09-06T10:25:04","slug":"icona-del-pastore-destro-kopija","status":"publish","type":"product","link":"https:\/\/shop.ateliersaintluc.fr\/it\/products\/icona-del-pastore-destro-kopija","title":{"rendered":"ICONA DEL PASTORE DESTRO"},"content":{"rendered":"<p><strong>ICONE DA VIAGGIO<\/strong><br \/>\nOffriamo un&#8217;icona in un formato molto piccolo, facile da portare con s\u00e9 ovunque si vada. I soggetti sono semplici, a seconda dei gusti: icone di Cristo, del Buon Pastore, di Maria (Eleousa e Hodigitria). \u00c8 possibile ordinare anche l&#8217;icona di un Santo o di un Arcangelo. Scriveteci per ulteriori ordini individuali.<\/p>\n<div class=\"is-divider divider clearfix\" ><\/div>\n<p>Tutte le nostre icone sono create nel rispetto della tradizione. Ogni dettaglio, sia l&#8217;immagine che la scelta dei materiali, ha un significato simbolico e tutti i materiali utilizzati sono di origine naturale.<\/p>\n<p>Ogni icona ha una sua storia particolare ed \u00e8 unica, quindi i dettagli e i colori possono differire leggermente.<\/p>\n<p>Il processo di pittura si svolge in diverse fasi.<\/p>\n<p>La base dell&#8217;icona viene preparata secondo i metodi antichi, in legno, e spesso la base \u00e8 incassata. I bordi formano una cornice che segna un&#8217;altra dimensione della presenza divina.<\/p>\n<p>I formati di icona pi\u00f9 grandi hanno una o due traverse per proteggere l&#8217;icona da deformazioni e crepe.<\/p>\n<p>La base di legno viene prima ricoperta da due strati di colla, poi da uno strato di tela di lino, che rappresenta il cadavere di Cristo, e da 12 strati sottili di leuca.<\/p>\n<p>Solo a questo punto viene applicato il disegno, seguito dalla sovrapposizione di foglia d&#8217;oro nei punti previsti, che rappresenta la luce divina.<\/p>\n<p>Per la stesura dei colori, il dipinto utilizza la tecnica della tempera, impiegando solo pigmenti naturali ed emulsione di tuorlo d&#8217;uovo, con materiali naturali che formano l&#8217;immagine divina &#8211; tutto \u00e8 reale.<\/p>\n<p>Gli strati di pittura diventano sempre pi\u00f9 resistenti nel tempo e i colori non perdono la loro brillantezza nel corso degli anni.<\/p>\n<p>Quando l&#8217;icona \u00e8 finita, viene firmata, cio\u00e8 chiamata.<\/p>\n","protected":false},"excerpt":{"rendered":"<p>Questa icona racconta anche la parabola della pecora smarrita (Lc. 15).<\/p>\n<p>&#8220;Chi di voi, avendo cento pecore, se ne perde una, non lascia le novantanove nel deserto e non segue quella perduta finch\u00e9 non la trova?&#8230; Vi dico che cos\u00ec avr\u00e0 pi\u00f9 gioia in cielo un peccatore che si pente che novantanove giusti che non hanno bisogno di pentirsi.<span class=\"Apple-converted-space\">\u00a0<\/span><br \/>\nche non hanno bisogno di pentirsi. &#8220;<\/p>\n","protected":false},"featured_media":1526,"template":"","meta":[],"product_brand":[],"product_cat":[100],"product_tag":[],"class_list":{"0":"post-1129","1":"product","2":"type-product","3":"status-publish","4":"has-post-thumbnail","6":"product_cat-icone-da-viaggio","7":"product_shipping_class-icone","9":"first","10":"instock","11":"taxable","12":"shipping-taxable","13":"purchasable","14":"product-type-variable","15":"has-default-attributes"},"_links":{"self":[{"href":"https:\/\/shop.ateliersaintluc.fr\/it\/wp-json\/wp\/v2\/product\/1129","targetHints":{"allow":["GET"]}}],"collection":[{"href":"https:\/\/shop.ateliersaintluc.fr\/it\/wp-json\/wp\/v2\/product"}],"about":[{"href":"https:\/\/shop.ateliersaintluc.fr\/it\/wp-json\/wp\/v2\/types\/product"}],"wp:featuredmedia":[{"embeddable":true,"href":"https:\/\/shop.ateliersaintluc.fr\/it\/wp-json\/wp\/v2\/media\/1526"}],"wp:attachment":[{"href":"https:\/\/shop.ateliersaintluc.fr\/it\/wp-json\/wp\/v2\/media?parent=1129"}],"wp:term":[{"taxonomy":"product_brand","embeddable":true,"href":"https:\/\/shop.ateliersaintluc.fr\/it\/wp-json\/wp\/v2\/product_brand?post=1129"},{"taxonomy":"product_cat","embeddable":true,"href":"https:\/\/shop.ateliersaintluc.fr\/it\/wp-json\/wp\/v2\/product_cat?post=1129"},{"taxonomy":"product_tag","embeddable":true,"href":"https:\/\/shop.ateliersaintluc.fr\/it\/wp-json\/wp\/v2\/product_tag?post=1129"}],"curies":[{"name":"wp","href":"https:\/\/api.w.org\/{rel}","templated":true}]}}