{"id":1328,"date":"2024-09-07T04:00:39","date_gmt":"2024-09-07T01:00:39","guid":{"rendered":"https:\/\/shop.ateliersaintluc.fr\/?post_type=product&#038;p=1328"},"modified":"2024-09-07T11:35:13","modified_gmt":"2024-09-07T08:35:13","slug":"creazione-del-mondo-kopija","status":"publish","type":"product","link":"https:\/\/shop.ateliersaintluc.fr\/it\/products\/creazione-del-mondo-kopija","title":{"rendered":"La Risurrezione"},"content":{"rendered":"<p><strong>RIPRODUZIONI DELLE NOSTRE ICONE<\/strong><br \/>\nNel nostro laboratorio \u00e8 possibile ordinare immagini delle icone su tela o su alluminio.<\/p>\n<p><strong>IMMAGINI SU TELA<\/strong><br \/>\nStampa digitale di qualit\u00e0 e lavorazione artigianale del legno.<br \/>\nCome una tela nell&#8217;arte classica, la nostra immagine stampata su tela \u00e8 tesa a mano su un telaio di pino, solido ed anche realizzato a mano (lo spessore \u00e8 di 2cm o 4cm). Il bordo \u00e8 colorato in tono con l&#8217;immagine. Gli inchiostri sono resistenti ai raggi UV.<br \/>\nOffriamo tele di diverse dimensioni.<\/p>\n<p><strong>IMMAGINI SU ALLUMINIO<\/strong><br \/>\nEstetica minimalista e sobria eleganza.<br \/>\nL&#8217;immagine viene stampata su un pannello di alluminio leggero ma robusto con i bordi smussati ed angoli arrotondati. Colori ricchi e profondi, nitidezza in ogni dettaglio. Trattamento speciale per prevenire i danni dei raggi UV.<br \/>\nOffriamo stampe in vari formati.<\/p>\n<p>Se desiderate ordinare immagini diverse da quelle presenti in questo catalogo o formati diversi, scriveteci.<\/p>\n","protected":false},"excerpt":{"rendered":"<p>RIPRODUZIONI DELLE NOSTRE ICONE Nel nostro laboratorio \u00e8 possibile ordinare immagini delle icone su tela o su alluminio. IMMAGINI SU TELA Stampa digitale di qualit\u00e0 e lavorazione artigianale del legno. Come una tela nell&#8217;arte classica, la nostra immagine stampata su tela \u00e8 tesa a mano su un telaio di pino, solido ed anche realizzato a [&#8230;]\n","protected":false},"featured_media":1336,"template":"","meta":[],"product_brand":[],"product_cat":[111],"product_tag":[],"class_list":{"0":"post-1328","1":"product","2":"type-product","3":"status-publish","4":"has-post-thumbnail","6":"product_cat-riproduzioni-delle-nostre-icone","7":"product_shipping_class-icone","9":"first","10":"instock","11":"taxable","12":"shipping-taxable","13":"purchasable","14":"product-type-variable"},"_links":{"self":[{"href":"https:\/\/shop.ateliersaintluc.fr\/it\/wp-json\/wp\/v2\/product\/1328","targetHints":{"allow":["GET"]}}],"collection":[{"href":"https:\/\/shop.ateliersaintluc.fr\/it\/wp-json\/wp\/v2\/product"}],"about":[{"href":"https:\/\/shop.ateliersaintluc.fr\/it\/wp-json\/wp\/v2\/types\/product"}],"wp:featuredmedia":[{"embeddable":true,"href":"https:\/\/shop.ateliersaintluc.fr\/it\/wp-json\/wp\/v2\/media\/1336"}],"wp:attachment":[{"href":"https:\/\/shop.ateliersaintluc.fr\/it\/wp-json\/wp\/v2\/media?parent=1328"}],"wp:term":[{"taxonomy":"product_brand","embeddable":true,"href":"https:\/\/shop.ateliersaintluc.fr\/it\/wp-json\/wp\/v2\/product_brand?post=1328"},{"taxonomy":"product_cat","embeddable":true,"href":"https:\/\/shop.ateliersaintluc.fr\/it\/wp-json\/wp\/v2\/product_cat?post=1328"},{"taxonomy":"product_tag","embeddable":true,"href":"https:\/\/shop.ateliersaintluc.fr\/it\/wp-json\/wp\/v2\/product_tag?post=1328"}],"curies":[{"name":"wp","href":"https:\/\/api.w.org\/{rel}","templated":true}]}}