{"id":565,"date":"2022-07-23T11:55:02","date_gmt":"2022-07-23T08:55:02","guid":{"rendered":"https:\/\/shop.ateliersaintluc.fr\/products\/il-volto-santo"},"modified":"2022-07-23T11:55:02","modified_gmt":"2022-07-23T08:55:02","slug":"il-volto-santo","status":"publish","type":"product","link":"https:\/\/shop.ateliersaintluc.fr\/it\/products\/il-volto-santo","title":{"rendered":"Il Volto Santo"},"content":{"rendered":"<p><strong>ICONE DI KRISTUS<\/strong><\/p>\n<p>Sono icone che rappresentano il Dio invisibile, Cristo, Dio incarnato, con linee e colori che ci mostrano il volto misericordioso del Padre.<br \/>\nL&#8217;icona rivela il Dio fatto Uomo. &#8220;Nessuno ha mai visto Dio, ma il Figlio unigenito, che \u00e8 nel seno del Padre, lo ha rivelato&#8221; (Gv 1,18).<\/p>\n<div class=\"is-divider divider clearfix\" ><\/div>\n<p>Tutte le nostre icone sono create nel rispetto della tradizione. Ogni dettaglio, sia l&#8217;immagine che la scelta dei materiali, ha un significato simbolico e tutti i materiali utilizzati sono di origine naturale.<br \/>\nOgni icona ha una sua storia particolare ed \u00e8 unica, quindi i dettagli e i colori possono differire leggermente.<\/p>\n<p>Il processo di pittura si svolge in diverse fasi.<br \/>\nLa base dell&#8217;icona viene preparata secondo i metodi antichi, in legno, e spesso la base \u00e8 incassata. I bordi formano una cornice che segna un&#8217;altra dimensione della presenza divina.<br \/>\nI formati di icona pi\u00f9 grandi hanno una o due traverse per proteggere l&#8217;icona da deformazioni e crepe.<br \/>\nLa base di legno viene prima ricoperta da due strati di colla, poi da uno strato di tela di lino, che rappresenta il cadavere di Cristo, e da 12 strati sottili di leuca.<br \/>\nSolo a questo punto viene applicato il disegno, seguito dalla sovrapposizione di foglia d&#8217;oro nei punti previsti, che rappresenta la luce divina.<br \/>\nPer la stesura dei colori, il dipinto utilizza la tecnica della tempera, impiegando solo pigmenti naturali ed emulsione di tuorlo d&#8217;uovo, con materiali naturali che formano l&#8217;immagine divina &#8211; tutto \u00e8 reale.<br \/>\nGli strati di pittura diventano sempre pi\u00f9 resistenti nel tempo e i colori non perdono la loro brillantezza nel corso degli anni.<br \/>\nQuando l&#8217;icona \u00e8 finita, viene firmata, cio\u00e8 chiamata.<\/p>\n","protected":false},"excerpt":{"rendered":"<p>Il prototipo di questa icona \u00e8 l&#8217;icona &#8220;Non fatta con le mani&#8221;.<br \/>\nLa tradizione della Chiesa vuole che la prima icona sia stata &#8220;dipinta&#8221; da Ges\u00f9 stesso, lasciando l&#8217;impronta del suo volto sulla tela.<br \/>\nDue leggende spiegano questo tipo di icona.<br \/>\nNelle Chiese orientali, il Mandillo di Edessa, o Volto Santo, \u00e8 un tipo di rappresentazione &#8220;non fatta a mano&#8221; del volto di Cristo.  Il re Agbar V di Edessa (Siria), malato di lebbra, mand\u00f2 un pittore di corte da Ges\u00f9 perch\u00e9 gli portasse un ritratto del Salvatore e attraverso di esso fosse guarito. Quando Ges\u00f9 vide che il pittore voleva fare il suo ritratto, chiese dell&#8217;acqua, si lav\u00f2 il viso e lo pass\u00f2 su una tela, dove lasci\u00f2 l&#8217;impronta del suo volto. Il sovrano fu guarito dalla lebbra.<br \/>\nLa fascia di sudore di Santa Veronica \u00e8 una versione occidentale di questa storia: Santa Veronica asciug\u00f2 il volto di Ges\u00f9 di Nazareth mentre portava la croce al Golgota. Il panno lasci\u00f2 l&#8217;impronta del volto di Cristo. Lo stesso nome Veronica, dal composto latino-greco (vera eikona), significa &#8220;vera icona&#8221;.<\/p>\n","protected":false},"featured_media":496,"template":"","meta":[],"product_brand":[],"product_cat":[71],"product_tag":[],"class_list":{"0":"post-565","1":"product","2":"type-product","3":"status-publish","4":"has-post-thumbnail","6":"product_cat-icone-di-kristus","7":"product_shipping_class-icone","9":"first","10":"instock","11":"taxable","12":"shipping-taxable","13":"purchasable","14":"product-type-variable"},"_links":{"self":[{"href":"https:\/\/shop.ateliersaintluc.fr\/it\/wp-json\/wp\/v2\/product\/565","targetHints":{"allow":["GET"]}}],"collection":[{"href":"https:\/\/shop.ateliersaintluc.fr\/it\/wp-json\/wp\/v2\/product"}],"about":[{"href":"https:\/\/shop.ateliersaintluc.fr\/it\/wp-json\/wp\/v2\/types\/product"}],"wp:featuredmedia":[{"embeddable":true,"href":"https:\/\/shop.ateliersaintluc.fr\/it\/wp-json\/wp\/v2\/media\/496"}],"wp:attachment":[{"href":"https:\/\/shop.ateliersaintluc.fr\/it\/wp-json\/wp\/v2\/media?parent=565"}],"wp:term":[{"taxonomy":"product_brand","embeddable":true,"href":"https:\/\/shop.ateliersaintluc.fr\/it\/wp-json\/wp\/v2\/product_brand?post=565"},{"taxonomy":"product_cat","embeddable":true,"href":"https:\/\/shop.ateliersaintluc.fr\/it\/wp-json\/wp\/v2\/product_cat?post=565"},{"taxonomy":"product_tag","embeddable":true,"href":"https:\/\/shop.ateliersaintluc.fr\/it\/wp-json\/wp\/v2\/product_tag?post=565"}],"curies":[{"name":"wp","href":"https:\/\/api.w.org\/{rel}","templated":true}]}}