{"id":673,"date":"2022-03-08T15:43:52","date_gmt":"2022-03-08T13:43:52","guid":{"rendered":"https:\/\/shop.ateliersaintluc.fr\/products\/nostra-signora-della-misericordia-eleousa-6"},"modified":"2022-03-08T15:43:52","modified_gmt":"2022-03-08T13:43:52","slug":"nostra-signora-della-misericordia-eleousa-6","status":"publish","type":"product","link":"https:\/\/shop.ateliersaintluc.fr\/it\/products\/nostra-signora-della-misericordia-eleousa-6","title":{"rendered":"Nostra Signora della Misericordia (Eleousa)"},"content":{"rendered":"<p><strong>ICONE DELLA VERGINE MARIA<\/strong><\/p>\n<p>Secondo la tradizione, San Luca \u00e8 il primo iconografo della Vergine Maria.<\/p>\n<p>&#8220;Lo Spirito Santo scender\u00e0 su di te e la potenza dell&#8217;Altissimo ti avvolger\u00e0, perch\u00e9 ci\u00f2 che nascer\u00e0 da te sar\u00e0 santo e sar\u00e0 chiamato Figlio di Dio&#8221; (Lc 1,35).<\/p>\n<div class=\"is-divider divider clearfix\" ><\/div>\n<p>Tutte le nostre icone sono create nel rispetto della tradizione. Ogni dettaglio, sia l&#8217;immagine che la scelta dei materiali, ha un significato simbolico e tutti i materiali utilizzati sono di origine naturale.<\/p>\n<p>Ogni icona ha una sua storia particolare ed \u00e8 unica, quindi i dettagli e i colori possono differire leggermente.<\/p>\n<p>Il processo di pittura si svolge in diverse fasi.<\/p>\n<p>La base dell&#8217;icona viene preparata secondo i metodi antichi, in legno, e spesso la base \u00e8 incassata. I bordi formano una cornice che segna un&#8217;altra dimensione della presenza divina.<\/p>\n<p>I formati di icona pi\u00f9 grandi hanno una o due traverse per proteggere l&#8217;icona da deformazioni e crepe.<\/p>\n<p>La base di legno viene prima ricoperta da due strati di colla, poi da uno strato di tela di lino, che rappresenta il cadavere di Cristo, e da 12 strati sottili di leuca.<\/p>\n<p>Solo a questo punto viene applicato il disegno, seguito dalla sovrapposizione di foglia d&#8217;oro nei punti previsti, che rappresenta la luce divina.<\/p>\n<p>Per la stesura dei colori, il dipinto utilizza la tecnica della tempera, impiegando solo pigmenti naturali ed emulsione di tuorlo d&#8217;uovo, con materiali naturali che formano l&#8217;immagine divina &#8211; tutto \u00e8 reale.<\/p>\n<p>Gli strati di pittura diventano sempre pi\u00f9 resistenti nel tempo e i colori non perdono la loro brillantezza nel corso degli anni.<\/p>\n<p>Quando l&#8217;icona \u00e8 finita, viene firmata, cio\u00e8 chiamata.<\/p>\n","protected":false},"excerpt":{"rendered":"<p>I volti di Maria e di Ges\u00f9 sono congiunti, l&#8217;icona indica il tenero amore di Madre e Figlio<\/p>\n<p>e, attraverso di esso, l&#8217;amore perfetto che Dio ha per ogni essere umano.<span class=\"Apple-converted-space\">\u00a0<\/span><\/p>\n","protected":false},"featured_media":1088,"template":"","meta":[],"product_brand":[],"product_cat":[74],"product_tag":[],"class_list":{"0":"post-673","1":"product","2":"type-product","3":"status-publish","4":"has-post-thumbnail","6":"product_cat-icone-della-vergine-maria","7":"product_shipping_class-icone","9":"first","10":"instock","11":"taxable","12":"shipping-taxable","13":"purchasable","14":"product-type-variable"},"_links":{"self":[{"href":"https:\/\/shop.ateliersaintluc.fr\/it\/wp-json\/wp\/v2\/product\/673","targetHints":{"allow":["GET"]}}],"collection":[{"href":"https:\/\/shop.ateliersaintluc.fr\/it\/wp-json\/wp\/v2\/product"}],"about":[{"href":"https:\/\/shop.ateliersaintluc.fr\/it\/wp-json\/wp\/v2\/types\/product"}],"wp:featuredmedia":[{"embeddable":true,"href":"https:\/\/shop.ateliersaintluc.fr\/it\/wp-json\/wp\/v2\/media\/1088"}],"wp:attachment":[{"href":"https:\/\/shop.ateliersaintluc.fr\/it\/wp-json\/wp\/v2\/media?parent=673"}],"wp:term":[{"taxonomy":"product_brand","embeddable":true,"href":"https:\/\/shop.ateliersaintluc.fr\/it\/wp-json\/wp\/v2\/product_brand?post=673"},{"taxonomy":"product_cat","embeddable":true,"href":"https:\/\/shop.ateliersaintluc.fr\/it\/wp-json\/wp\/v2\/product_cat?post=673"},{"taxonomy":"product_tag","embeddable":true,"href":"https:\/\/shop.ateliersaintluc.fr\/it\/wp-json\/wp\/v2\/product_tag?post=673"}],"curies":[{"name":"wp","href":"https:\/\/api.w.org\/{rel}","templated":true}]}}