{"id":763,"date":"2022-07-23T11:35:54","date_gmt":"2022-07-23T08:35:54","guid":{"rendered":"https:\/\/shop.ateliersaintluc.fr\/products\/icona-del-pastore-destro-5"},"modified":"2022-07-23T11:35:54","modified_gmt":"2022-07-23T08:35:54","slug":"icona-del-pastore-destro-5","status":"publish","type":"product","link":"https:\/\/shop.ateliersaintluc.fr\/it\/products\/icona-del-pastore-destro-5","title":{"rendered":"ICONA DEL PASTORE DESTRO"},"content":{"rendered":"<p><strong>ICONA DEL PASTORE DESTRO<\/strong><\/p>\n<p>Nei primi secoli, i cristiani raffiguravano Cristo come il Buon Pastore (immagini di questo tipo sono presenti negli affreschi delle catacombe e nei mosaici pi\u00f9 antichi di Ravenna).<\/p>\n<p>Questa icona mostra Ges\u00f9 che porta sulle spalle una pecora. La tunica rossa simboleggia la natura divina di Ges\u00f9, mentre la veste blu rappresenta la sua natura umana. La natura divina di Ges\u00f9 \u00e8 quindi nascosta in quella umana.<\/p>\n<p>&#8220;Io sono il Buon Pastore. Conosco le mie pecore ed esse conoscono me. &#8221; 10,1<\/p>\n<div class=\"is-divider divider clearfix\" ><\/div>\n<p>Tutte le nostre icone sono create nel rispetto della tradizione. Ogni dettaglio, sia l&#8217;immagine che la scelta dei materiali, ha un significato simbolico e tutti i materiali utilizzati sono di origine naturale.<\/p>\n<p>Ogni icona ha una sua storia particolare ed \u00e8 unica, quindi i dettagli e i colori possono differire leggermente.<\/p>\n<p>Il processo di pittura si svolge in diverse fasi.<\/p>\n<p>La base dell&#8217;icona viene preparata secondo i metodi antichi, in legno, e spesso la base \u00e8 incassata. I bordi formano una cornice che segna un&#8217;altra dimensione della presenza divina.<\/p>\n<p>I formati di icona pi\u00f9 grandi hanno una o due traverse per proteggere l&#8217;icona da deformazioni e crepe.<\/p>\n<p>La base di legno viene prima ricoperta da due strati di colla, poi da uno strato di tela di lino, che rappresenta il cadavere di Cristo, e da 12 strati sottili di leuca.<\/p>\n<p>Solo a questo punto viene applicato il disegno, seguito dalla sovrapposizione di foglia d&#8217;oro nei punti previsti, che rappresenta la luce divina.<\/p>\n<p>Per la stesura dei colori, il dipinto utilizza la tecnica della tempera, impiegando solo pigmenti naturali ed emulsione di tuorlo d&#8217;uovo, con materiali naturali che formano l&#8217;immagine divina &#8211; tutto \u00e8 reale.<\/p>\n<p>Gli strati di pittura diventano sempre pi\u00f9 resistenti nel tempo e i colori non perdono la loro brillantezza nel corso degli anni.<\/p>\n<p>Quando l&#8217;icona \u00e8 finita, viene firmata, cio\u00e8 chiamata.<\/p>\n","protected":false},"excerpt":{"rendered":"<p>Questa icona racconta anche la parabola della pecora smarrita (Lc. 15).<\/p>\n<p>&#8220;Chi di voi, avendo cento pecore, se ne perde una, non lascia le novantanove nel deserto e non segue quella perduta finch\u00e9 non la trova?&#8230; Vi dico che cos\u00ec avr\u00e0 pi\u00f9 gioia in cielo un peccatore che si pente che novantanove giusti che non hanno bisogno di pentirsi.<br \/>\nche non hanno bisogno di pentirsi. &#8220;<\/p>\n","protected":false},"featured_media":1092,"template":"","meta":[],"product_brand":[],"product_cat":[77],"product_tag":[],"class_list":{"0":"post-763","1":"product","2":"type-product","3":"status-publish","4":"has-post-thumbnail","6":"product_cat-icona-del-pastore-destro","7":"product_shipping_class-icone","9":"first","10":"instock","11":"taxable","12":"shipping-taxable","13":"purchasable","14":"product-type-variable"},"_links":{"self":[{"href":"https:\/\/shop.ateliersaintluc.fr\/it\/wp-json\/wp\/v2\/product\/763","targetHints":{"allow":["GET"]}}],"collection":[{"href":"https:\/\/shop.ateliersaintluc.fr\/it\/wp-json\/wp\/v2\/product"}],"about":[{"href":"https:\/\/shop.ateliersaintluc.fr\/it\/wp-json\/wp\/v2\/types\/product"}],"wp:featuredmedia":[{"embeddable":true,"href":"https:\/\/shop.ateliersaintluc.fr\/it\/wp-json\/wp\/v2\/media\/1092"}],"wp:attachment":[{"href":"https:\/\/shop.ateliersaintluc.fr\/it\/wp-json\/wp\/v2\/media?parent=763"}],"wp:term":[{"taxonomy":"product_brand","embeddable":true,"href":"https:\/\/shop.ateliersaintluc.fr\/it\/wp-json\/wp\/v2\/product_brand?post=763"},{"taxonomy":"product_cat","embeddable":true,"href":"https:\/\/shop.ateliersaintluc.fr\/it\/wp-json\/wp\/v2\/product_cat?post=763"},{"taxonomy":"product_tag","embeddable":true,"href":"https:\/\/shop.ateliersaintluc.fr\/it\/wp-json\/wp\/v2\/product_tag?post=763"}],"curies":[{"name":"wp","href":"https:\/\/api.w.org\/{rel}","templated":true}]}}