{"id":871,"date":"2023-04-13T11:44:50","date_gmt":"2023-04-13T08:44:50","guid":{"rendered":"https:\/\/shop.ateliersaintluc.fr\/products\/icona-della-resurrezione-discesa-agli-inferi"},"modified":"2023-04-13T11:44:50","modified_gmt":"2023-04-13T08:44:50","slug":"icona-della-resurrezione-discesa-agli-inferi","status":"publish","type":"product","link":"https:\/\/shop.ateliersaintluc.fr\/it\/products\/icona-della-resurrezione-discesa-agli-inferi","title":{"rendered":"ICONA DELLA RESURREZIONE (DISCESA AGLI INFERI)"},"content":{"rendered":"<p><strong>ICONE DELLA RESURREZIONE<\/strong><\/p>\n<div class=\"is-divider divider clearfix\" ><\/div>\n<p>Tutte le nostre icone sono create nel rispetto della tradizione. Ogni dettaglio, sia l&#8217;immagine che la scelta dei materiali, ha un significato simbolico e tutti i materiali utilizzati sono di origine naturale.<\/p>\n<p>Ogni icona ha una sua storia particolare ed \u00e8 unica, quindi i dettagli e i colori possono differire leggermente.<\/p>\n<p>Il processo di pittura si svolge in diverse fasi.<\/p>\n<p>La base dell&#8217;icona viene preparata secondo i metodi antichi, in legno, e spesso la base \u00e8 incassata. I bordi formano una cornice che segna un&#8217;altra dimensione della presenza divina.<\/p>\n<p>I formati di icona pi\u00f9 grandi hanno una o due traverse per proteggere l&#8217;icona da deformazioni e crepe.<\/p>\n<p>La base di legno viene prima ricoperta da due strati di colla, poi da uno strato di tela di lino, che rappresenta il cadavere di Cristo, e da 12 strati sottili di leuca.<\/p>\n<p>Solo a questo punto viene applicato il disegno, seguito dalla sovrapposizione di foglia d&#8217;oro nei punti previsti, che rappresenta la luce divina.<\/p>\n<p>Per la stesura dei colori, il dipinto utilizza la tecnica della tempera, impiegando solo pigmenti naturali ed emulsione di tuorlo d&#8217;uovo, con materiali naturali che formano l&#8217;immagine divina &#8211; tutto \u00e8 reale.<\/p>\n<p>Gli strati di pittura diventano sempre pi\u00f9 resistenti nel tempo e i colori non perdono la loro brillantezza nel corso degli anni.<\/p>\n<p>Quando l&#8217;icona \u00e8 finita, viene firmata, cio\u00e8 chiamata.<\/p>\n","protected":false},"excerpt":{"rendered":"<p>&#8220;Nessuno si affligga per la sua povert\u00e0, perch\u00e9 il Regno \u00e8 apparso a tutti.<br \/>\nNessuno si affligga per i suoi peccati, perch\u00e9 il perdono \u00e8 venuto dalla tomba.<br \/>\nNessuno abbia paura della morte, perch\u00e9 la morte del Salvatore ci ha liberati da essa. &#8221; (San Giovanni Crisostomo)<\/p>\n","protected":false},"featured_media":507,"template":"","meta":[],"product_brand":[],"product_cat":[83],"product_tag":[],"class_list":{"0":"post-871","1":"product","2":"type-product","3":"status-publish","4":"has-post-thumbnail","6":"product_cat-icone-della-resurrezione","7":"product_shipping_class-icone","9":"first","10":"instock","11":"taxable","12":"shipping-taxable","13":"purchasable","14":"product-type-variable"},"_links":{"self":[{"href":"https:\/\/shop.ateliersaintluc.fr\/it\/wp-json\/wp\/v2\/product\/871","targetHints":{"allow":["GET"]}}],"collection":[{"href":"https:\/\/shop.ateliersaintluc.fr\/it\/wp-json\/wp\/v2\/product"}],"about":[{"href":"https:\/\/shop.ateliersaintluc.fr\/it\/wp-json\/wp\/v2\/types\/product"}],"wp:featuredmedia":[{"embeddable":true,"href":"https:\/\/shop.ateliersaintluc.fr\/it\/wp-json\/wp\/v2\/media\/507"}],"wp:attachment":[{"href":"https:\/\/shop.ateliersaintluc.fr\/it\/wp-json\/wp\/v2\/media?parent=871"}],"wp:term":[{"taxonomy":"product_brand","embeddable":true,"href":"https:\/\/shop.ateliersaintluc.fr\/it\/wp-json\/wp\/v2\/product_brand?post=871"},{"taxonomy":"product_cat","embeddable":true,"href":"https:\/\/shop.ateliersaintluc.fr\/it\/wp-json\/wp\/v2\/product_cat?post=871"},{"taxonomy":"product_tag","embeddable":true,"href":"https:\/\/shop.ateliersaintluc.fr\/it\/wp-json\/wp\/v2\/product_tag?post=871"}],"curies":[{"name":"wp","href":"https:\/\/api.w.org\/{rel}","templated":true}]}}